{"id":11,"date":"2025-10-07T12:25:04","date_gmt":"2025-10-07T12:25:04","guid":{"rendered":"https:\/\/jobportalworld.com\/?page_id=11"},"modified":"2026-04-07T14:21:53","modified_gmt":"2026-04-07T14:21:53","slug":"about","status":"publish","type":"page","link":"https:\/\/jobportalworld.com\/es\/about\/","title":{"rendered":"Donde las oportunidades van m\u00e1s all\u00e1 de los curr\u00edculums"},"content":{"rendered":"<p>Job Portal World se cre\u00f3 para quienes buscan algo m\u00e1s que un sueldo: buscan progresar. Creemos que construir un futuro mejor no depende solo de la suerte o los contactos. Comienza con claridad, curiosidad y acceso a la informaci\u00f3n adecuada en el momento oportuno.<\/p>\n\n\n\n<p>Hoy en d\u00eda, las oportunidades ya no se limitan a las trayectorias profesionales tradicionales. Existen en diversos empleos, plataformas digitales, herramientas financieras y ecosistemas en l\u00ednea que dan forma a la manera en que las personas trabajan, ganan dinero y crecen.<\/p>\n\n\n\n<p>Por eso, Job Portal World est\u00e1 dise\u00f1ado como una plataforma de contenido que ayuda a los usuarios a explorar estas oportunidades con mayor claridad y confianza.<\/p>\n\n\n\n<p>Aqu\u00ed no nos basamos en palabras de moda ni en motivaciones vagas. Nos centramos en contenido pr\u00e1ctico y f\u00e1cil de entender que te ayude a avanzar, ya sea que busques trabajo, aprendas nuevas habilidades, descubras aplicaciones \u00fatiles o explores nuevas formas de desenvolverte en el mundo digital.<\/p>\n\n\n\n<p>Nuestro objetivo es sencillo: lograr que el progreso parezca accesible, no lejano.<\/p>\n\n\n\n<h2 class=\"wp-block-heading\">Lo que descubrir\u00e1s<\/h2>\n\n\n\n<p>Job Portal World fue creado para personas que desean progresar en su trabajo, sus habilidades y sus decisiones cotidianas en un mundo digital.<\/p>\n\n\n\n<p>Nuestro contenido explora diferentes \u00e1reas que influyen en c\u00f3mo las personas crecen y toman decisiones hoy en d\u00eda:<\/p>\n\n\n\n<p><strong>Explorando trayectorias profesionales<\/strong><br>Tanto si te incorporas al mercado laboral como si est\u00e1s considerando un cambio, compartimos informaci\u00f3n valiosa para ayudarte a comprender tus opciones y dar el siguiente paso con claridad.<\/p>\n\n\n\n<p><strong>Desarrollando habilidades que importan<\/strong><br>Nos centramos en el conocimiento pr\u00e1ctico que se puede aplicar en la vida real, desde la comunicaci\u00f3n y la productividad hasta las habilidades digitales que favorecen el crecimiento a largo plazo.<\/p>\n\n\n\n<p><strong>Comprender las herramientas y plataformas digitales<\/strong><br>Las aplicaciones, plataformas y servicios en l\u00ednea desempe\u00f1an un papel fundamental en la vida moderna. Te ayudamos a explorar y comprender c\u00f3mo estas herramientas pueden optimizar tus rutinas, objetivos y decisiones.<\/p>\n\n\n\n<p><strong>Navegando el cambio<\/strong><br>Los caminos rara vez son lineales. Te brindamos orientaci\u00f3n para ayudarte a adaptarte, replantear tu rumbo y seguir adelante cuando los planes cambien.<\/p>\n\n\n\n<p>Cada contenido se crea teniendo en cuenta la claridad, la sencillez y la utilidad, porque el progreso se logra mediante decisiones coherentes e informadas.<\/p>\n\n\n\n<h2 class=\"wp-block-heading\">Por qu\u00e9 mantenemos nuestra independencia<\/h2>\n\n\n\n<p>Nuestro objetivo es proporcionar contenido \u00fatil, accesible y f\u00e1cil de entender.<\/p>\n\n\n\n<p>Somos una plataforma informativa independiente. No ofrecemos servicios directos como colocaci\u00f3n laboral, productos financieros o consultor\u00eda profesional.<\/p>\n\n\n\n<p>Cuando mencionamos herramientas, plataformas o servicios, lo hacemos \u00fanicamente con fines informativos, para ayudar a los usuarios a comprender mejor las opciones disponibles. Podemos hacer referencia a plataformas de terceros, pero no las controlamos ni las gestionamos.<\/p>\n\n\n\n<p>Algunas p\u00e1ginas de nuestro sitio pueden incluir publicidad o elementos de monetizaci\u00f3n que contribuyen al mantenimiento de la plataforma. Sin embargo, esto no influye en nuestro enfoque editorial, que se centra en la claridad y el valor para el usuario.<\/p>\n\n\n\n<p>Nuestro compromiso es presentar la informaci\u00f3n de manera que ayude a los usuarios a explorar oportunidades de forma independiente y a tomar sus propias decisiones.<\/p>\n\n\n\n<h2 class=\"wp-block-heading\">Nuestra promesa<\/h2>\n\n\n\n<p>Creemos que la confianza comienza con la transparencia, as\u00ed que as\u00ed es como trabajamos:<\/p>\n\n\n\n<p><strong>Contenido independiente<\/strong><br>Todo el contenido se crea con fines informativos, sin ninguna afiliaci\u00f3n directa con empresas, empleadores o proveedores de servicios.<\/p>\n\n\n\n<p><strong>No hay servicios directos<\/strong><br>No ofrecemos servicios de colocaci\u00f3n laboral, servicios financieros ni programas remunerados. Nuestra funci\u00f3n es informar y orientar, no intermediar ni vender.<\/p>\n\n\n\n<p><strong>Referencias externas<\/strong><br>Podemos incluir enlaces a plataformas de terceros para ayudar a los usuarios a continuar su viaje. Estas plataformas operan de forma independiente y no nos hacemos responsables de su contenido ni de sus pol\u00edticas.<\/p>\n\n\n\n<p><strong>Finalidad informativa<\/strong><br>Todo el contenido se proporciona \u00fanicamente con fines informativos generales y no debe considerarse asesoramiento profesional, legal o financiero.<\/p>\n\n\n\n<h2 class=\"wp-block-heading\">Sigue creciendo<\/h2>\n\n\n\n<p>Job Portal World existe para las personas que desean crecer, no solo en sus carreras profesionales, sino tambi\u00e9n en la forma en que aprovechan las oportunidades en un mundo digital en constante cambio.<\/p>\n\n\n\n<p>Creemos que el acceso a informaci\u00f3n clara y honesta marca la diferencia. Ya sea que est\u00e9s explorando oportunidades laborales, aprendiendo nuevas habilidades o descubriendo herramientas que te faciliten la vida diaria, nuestra misi\u00f3n es ayudarte a avanzar con confianza.<\/p>\n\n\n\n<p>No estamos aqu\u00ed para prometer resultados. Estamos aqu\u00ed para ayudarte a comprender tus opciones y a dar el siguiente paso seg\u00fan tus propios t\u00e9rminos.<\/p>","protected":false},"excerpt":{"rendered":"<p>Job Portal World was created for people who want more than just a paycheck \u2014 they want progress. We believe [&hellip;]<\/p>","protected":false},"author":29,"featured_media":0,"parent":0,"menu_order":0,"comment_status":"closed","ping_status":"closed","template":"","meta":{"_uag_custom_page_level_css":"","site-sidebar-layout":"default","site-content-layout":"","ast-site-content-layout":"default","site-content-style":"default","site-sidebar-style":"default","ast-global-header-display":"","ast-banner-title-visibility":"","ast-main-header-display":"","ast-hfb-above-header-display":"","ast-hfb-below-header-display":"","ast-hfb-mobile-header-display":"","site-post-title":"","ast-breadcrumbs-content":"","ast-featured-img":"","footer-sml-layout":"","theme-transparent-header-meta":"","adv-header-id-meta":"","stick-header-meta":"","header-above-stick-meta":"","header-main-stick-meta":"","header-below-stick-meta":"","astra-migrate-meta-layouts":"set","ast-page-background-enabled":"default","ast-page-background-meta":{"desktop":{"background-color":"var(--ast-global-color-4)","background-image":"","background-repeat":"repeat","background-position":"center center","background-size":"auto","background-attachment":"scroll","background-type":"","background-media":"","overlay-type":"","overlay-color":"","overlay-opacity":"","overlay-gradient":""},"tablet":{"background-color":"","background-image":"","background-repeat":"repeat","background-position":"center center","background-size":"auto","background-attachment":"scroll","background-type":"","background-media":"","overlay-type":"","overlay-color":"","overlay-opacity":"","overlay-gradient":""},"mobile":{"background-color":"","background-image":"","background-repeat":"repeat","background-position":"center center","background-size":"auto","background-attachment":"scroll","background-type":"","background-media":"","overlay-type":"","overlay-color":"","overlay-opacity":"","overlay-gradient":""}},"ast-content-background-meta":{"desktop":{"background-color":"var(--ast-global-color-5)","background-image":"","background-repeat":"repeat","background-position":"center center","background-size":"auto","background-attachment":"scroll","background-type":"","background-media":"","overlay-type":"","overlay-color":"","overlay-opacity":"","overlay-gradient":""},"tablet":{"background-color":"var(--ast-global-color-5)","background-image":"","background-repeat":"repeat","background-position":"center center","background-size":"auto","background-attachment":"scroll","background-type":"","background-media":"","overlay-type":"","overlay-color":"","overlay-opacity":"","overlay-gradient":""},"mobile":{"background-color":"var(--ast-global-color-5)","background-image":"","background-repeat":"repeat","background-position":"center center","background-size":"auto","background-attachment":"scroll","background-type":"","background-media":"","overlay-type":"","overlay-color":"","overlay-opacity":"","overlay-gradient":""}},"footnotes":""},"yoast_head":"<!-- This site is optimized with the Yoast SEO plugin v23.3 - https:\/\/yoast.com\/wordpress\/plugins\/seo\/ -->\n<title>Where Opportunities Go Beyond Resum\u00e9s - Job Portal World<\/title>\n<meta name=\"robots\" content=\"index, follow, max-snippet:-1, max-image-preview:large, max-video-preview:-1\" \/>\n<link rel=\"canonical\" href=\"https:\/\/jobportalworld.com\/es\/about\/\" \/>\n<meta property=\"og:locale\" content=\"es_MX\" \/>\n<meta property=\"og:type\" content=\"article\" \/>\n<meta property=\"og:title\" content=\"Where Opportunities Go Beyond Resum\u00e9s - Job Portal World\" \/>\n<meta property=\"og:description\" content=\"Job Portal World was created for people who want more than just a paycheck \u2014 they want progress. We believe [&hellip;]\" \/>\n<meta property=\"og:url\" content=\"https:\/\/jobportalworld.com\/es\/about\/\" \/>\n<meta property=\"og:site_name\" content=\"Job Portal World\" \/>\n<meta property=\"article:modified_time\" content=\"2026-04-07T14:21:53+00:00\" \/>\n<meta name=\"twitter:card\" content=\"summary_large_image\" \/>\n<meta name=\"twitter:label1\" content=\"Est. reading time\" \/>\n\t<meta name=\"twitter:data1\" content=\"3 minutos\" \/>\n<script type=\"application\/ld+json\" class=\"yoast-schema-graph\">{\"@context\":\"https:\/\/schema.org\",\"@graph\":[{\"@type\":\"WebPage\",\"@id\":\"https:\/\/jobportalworld.com\/about\/\",\"url\":\"https:\/\/jobportalworld.com\/about\/\",\"name\":\"Where Opportunities Go Beyond Resum\u00e9s - Job Portal World\",\"isPartOf\":{\"@id\":\"https:\/\/jobportalworld.com\/#website\"},\"datePublished\":\"2025-10-07T12:25:04+00:00\",\"dateModified\":\"2026-04-07T14:21:53+00:00\",\"breadcrumb\":{\"@id\":\"https:\/\/jobportalworld.com\/about\/#breadcrumb\"},\"inLanguage\":\"es-MX\",\"potentialAction\":[{\"@type\":\"ReadAction\",\"target\":[\"https:\/\/jobportalworld.com\/about\/\"]}]},{\"@type\":\"BreadcrumbList\",\"@id\":\"https:\/\/jobportalworld.com\/about\/#breadcrumb\",\"itemListElement\":[{\"@type\":\"ListItem\",\"position\":1,\"name\":\"Home\",\"item\":\"https:\/\/jobportalworld.com\/\"},{\"@type\":\"ListItem\",\"position\":2,\"name\":\"Where Opportunities Go Beyond Resum\u00e9s\"}]},{\"@type\":\"WebSite\",\"@id\":\"https:\/\/jobportalworld.com\/#website\",\"url\":\"https:\/\/jobportalworld.com\/\",\"name\":\"Job Portal World\",\"description\":\"Work Starts Here\",\"publisher\":{\"@id\":\"https:\/\/jobportalworld.com\/#organization\"},\"potentialAction\":[{\"@type\":\"SearchAction\",\"target\":{\"@type\":\"EntryPoint\",\"urlTemplate\":\"https:\/\/jobportalworld.com\/?s={search_term_string}\"},\"query-input\":\"required name=search_term_string\"}],\"inLanguage\":\"es-MX\"},{\"@type\":\"Organization\",\"@id\":\"https:\/\/jobportalworld.com\/#organization\",\"name\":\"Job Portal World\",\"url\":\"https:\/\/jobportalworld.com\/\",\"logo\":{\"@type\":\"ImageObject\",\"inLanguage\":\"es-MX\",\"@id\":\"https:\/\/jobportalworld.com\/#\/schema\/logo\/image\/\",\"url\":\"https:\/\/jobportalworld.com\/wp-content\/uploads\/sites\/602\/2025\/10\/Logo-Job-Porta-World-.svg\",\"contentUrl\":\"https:\/\/jobportalworld.com\/wp-content\/uploads\/sites\/602\/2025\/10\/Logo-Job-Porta-World-.svg\",\"caption\":\"Job Portal World\"},\"image\":{\"@id\":\"https:\/\/jobportalworld.com\/#\/schema\/logo\/image\/\"}}]}<\/script>\n<!-- \/ Yoast SEO plugin. -->","yoast_head_json":{"title":"Where Opportunities Go Beyond Resum\u00e9s - Job Portal World","robots":{"index":"index","follow":"follow","max-snippet":"max-snippet:-1","max-image-preview":"max-image-preview:large","max-video-preview":"max-video-preview:-1"},"canonical":"https:\/\/jobportalworld.com\/es\/about\/","og_locale":"es_MX","og_type":"article","og_title":"Where Opportunities Go Beyond Resum\u00e9s - Job Portal World","og_description":"Job Portal World was created for people who want more than just a paycheck \u2014 they want progress. We believe [&hellip;]","og_url":"https:\/\/jobportalworld.com\/es\/about\/","og_site_name":"Job Portal World","article_modified_time":"2026-04-07T14:21:53+00:00","twitter_card":"summary_large_image","twitter_misc":{"Est. reading time":"3 minutos"},"schema":{"@context":"https:\/\/schema.org","@graph":[{"@type":"WebPage","@id":"https:\/\/jobportalworld.com\/about\/","url":"https:\/\/jobportalworld.com\/about\/","name":"Where Opportunities Go Beyond Resum\u00e9s - Job Portal World","isPartOf":{"@id":"https:\/\/jobportalworld.com\/#website"},"datePublished":"2025-10-07T12:25:04+00:00","dateModified":"2026-04-07T14:21:53+00:00","breadcrumb":{"@id":"https:\/\/jobportalworld.com\/about\/#breadcrumb"},"inLanguage":"es-MX","potentialAction":[{"@type":"ReadAction","target":["https:\/\/jobportalworld.com\/about\/"]}]},{"@type":"BreadcrumbList","@id":"https:\/\/jobportalworld.com\/about\/#breadcrumb","itemListElement":[{"@type":"ListItem","position":1,"name":"Home","item":"https:\/\/jobportalworld.com\/"},{"@type":"ListItem","position":2,"name":"Where Opportunities Go Beyond Resum\u00e9s"}]},{"@type":"WebSite","@id":"https:\/\/jobportalworld.com\/#website","url":"https:\/\/jobportalworld.com\/","name":"Job Portal World","description":"Work Starts Here","publisher":{"@id":"https:\/\/jobportalworld.com\/#organization"},"potentialAction":[{"@type":"SearchAction","target":{"@type":"EntryPoint","urlTemplate":"https:\/\/jobportalworld.com\/?s={search_term_string}"},"query-input":"required name=search_term_string"}],"inLanguage":"es-MX"},{"@type":"Organization","@id":"https:\/\/jobportalworld.com\/#organization","name":"Job Portal World","url":"https:\/\/jobportalworld.com\/","logo":{"@type":"ImageObject","inLanguage":"es-MX","@id":"https:\/\/jobportalworld.com\/#\/schema\/logo\/image\/","url":"https:\/\/jobportalworld.com\/wp-content\/uploads\/sites\/602\/2025\/10\/Logo-Job-Porta-World-.svg","contentUrl":"https:\/\/jobportalworld.com\/wp-content\/uploads\/sites\/602\/2025\/10\/Logo-Job-Porta-World-.svg","caption":"Job Portal World"},"image":{"@id":"https:\/\/jobportalworld.com\/#\/schema\/logo\/image\/"}}]}},"uagb_featured_image_src":{"full":false,"thumbnail":false,"medium":false,"medium_large":false,"large":false,"1536x1536":false,"2048x2048":false,"trp-custom-language-flag":false},"uagb_author_info":{"display_name":"Beatriz Vieira","author_link":"https:\/\/jobportalworld.com\/es\/author\/beatrizvieirasilva0504\/"},"uagb_comment_info":0,"uagb_excerpt":"Job Portal World was created for people who want more than just a paycheck \u2014 they want progress. We believe [&hellip;]","_links":{"self":[{"href":"https:\/\/jobportalworld.com\/es\/wp-json\/wp\/v2\/pages\/11"}],"collection":[{"href":"https:\/\/jobportalworld.com\/es\/wp-json\/wp\/v2\/pages"}],"about":[{"href":"https:\/\/jobportalworld.com\/es\/wp-json\/wp\/v2\/types\/page"}],"author":[{"embeddable":true,"href":"https:\/\/jobportalworld.com\/es\/wp-json\/wp\/v2\/users\/29"}],"replies":[{"embeddable":true,"href":"https:\/\/jobportalworld.com\/es\/wp-json\/wp\/v2\/comments?post=11"}],"version-history":[{"count":3,"href":"https:\/\/jobportalworld.com\/es\/wp-json\/wp\/v2\/pages\/11\/revisions"}],"predecessor-version":[{"id":2019,"href":"https:\/\/jobportalworld.com\/es\/wp-json\/wp\/v2\/pages\/11\/revisions\/2019"}],"wp:attachment":[{"href":"https:\/\/jobportalworld.com\/es\/wp-json\/wp\/v2\/media?parent=11"}],"curies":[{"name":"wp","href":"https:\/\/api.w.org\/{rel}","templated":true}]}}